{"id":82,"date":"2019-09-23T17:24:04","date_gmt":"2019-09-23T15:24:04","guid":{"rendered":"https:\/\/blogsaverroes.juntadeandalucia.es\/webiesreyalabez\/?page_id=82"},"modified":"2019-10-20T10:29:01","modified_gmt":"2019-10-20T08:29:01","slug":"blogs-del-centro","status":"publish","type":"page","link":"https:\/\/blogsaverroes.juntadeandalucia.es\/webiesreyalabez\/blogs-del-centro\/","title":{"rendered":"Plataformas on-line"},"content":{"rendered":"<p>El centro a\u00f1o tras a\u00f1o desarrolla el Programa Comunica.&nbsp; Los profesores y profesoras participantes dise\u00f1an actividades con sus grupos para desarrollar la competencia ling\u00fc\u00edstica. Muchas de ellas se pueden consultar el los diversos Blogs del Programa: \u00abRadio Todos Alabez\u00bb, Blog de Prensa escolar y \u00abTodos Alabez\u00bb productora audiovisual.<\/p>\n<p>As\u00ed mismo, el Centro dispone de una Biblioteca escolar, cuyos colaboradores ponen al d\u00eda el \u00abBlog de la Biblioteca\u00bb, buscando con ello promover el h\u00e1bito lector de nuestros alumnos y alumnas.<\/p>\n<p>El departamento de Orientaci\u00f3n, dispone de otro interesante blog, donde las familias y el alumnado pueden consultar materiales interesantes para conseguir un adecuado rendimiento escolar, as\u00ed como informaci\u00f3n sobre las posibilidades de formaci\u00f3n al finalizar la secundaria obligatoria.<\/p>\n<p>Adem\u00e1s disponemos de una plataforma de Aprendizaje on-line: \u00abLa Moodle del Rey Alabez\u00bb, donde el profesorado puede proporcionar materiales y crear activides.<\/p>\n","protected":false},"excerpt":{"rendered":"<p>El centro a\u00f1o tras a\u00f1o desarrolla el Programa Comunica.&nbsp; Los profesores y profesoras participantes dise\u00f1an actividades con sus grupos para desarrollar la competencia ling\u00fc\u00edstica. Muchas de ellas se pueden consultar el los diversos Blogs&#46;&#46;&#46;<\/p>\n","protected":false},"author":7589,"featured_media":0,"parent":0,"menu_order":0,"comment_status":"closed","ping_status":"closed","template":"","meta":{"ngg_post_thumbnail":0,"footnotes":""},"aioseo_notices":[],"_links":{"self":[{"href":"https:\/\/blogsaverroes.juntadeandalucia.es\/webiesreyalabez\/wp-json\/wp\/v2\/pages\/82"}],"collection":[{"href":"https:\/\/blogsaverroes.juntadeandalucia.es\/webiesreyalabez\/wp-json\/wp\/v2\/pages"}],"about":[{"href":"https:\/\/blogsaverroes.juntadeandalucia.es\/webiesreyalabez\/wp-json\/wp\/v2\/types\/page"}],"author":[{"embeddable":true,"href":"https:\/\/blogsaverroes.juntadeandalucia.es\/webiesreyalabez\/wp-json\/wp\/v2\/users\/7589"}],"replies":[{"embeddable":true,"href":"https:\/\/blogsaverroes.juntadeandalucia.es\/webiesreyalabez\/wp-json\/wp\/v2\/comments?post=82"}],"version-history":[{"count":4,"href":"https:\/\/blogsaverroes.juntadeandalucia.es\/webiesreyalabez\/wp-json\/wp\/v2\/pages\/82\/revisions"}],"predecessor-version":[{"id":198,"href":"https:\/\/blogsaverroes.juntadeandalucia.es\/webiesreyalabez\/wp-json\/wp\/v2\/pages\/82\/revisions\/198"}],"wp:attachment":[{"href":"https:\/\/blogsaverroes.juntadeandalucia.es\/webiesreyalabez\/wp-json\/wp\/v2\/media?parent=82"}],"curies":[{"name":"wp","href":"https:\/\/api.w.org\/{rel}","templated":true}]}}