{"id":94,"date":"2019-09-23T21:26:30","date_gmt":"2019-09-23T19:26:30","guid":{"rendered":"https:\/\/blogsaverroes.juntadeandalucia.es\/webiesreyalabez\/?page_id=94"},"modified":"2020-10-17T10:04:21","modified_gmt":"2020-10-17T08:04:21","slug":"planes-y-programas","status":"publish","type":"page","link":"https:\/\/blogsaverroes.juntadeandalucia.es\/webiesreyalabez\/planes-y-programas\/","title":{"rendered":"Planes y Programas"},"content":{"rendered":"<p>En el curso 2020-2021, los Planes y Programas que van desarrollarse son (pinchando en los enlaces pueden consultase las propuestas para este curso escolar):<\/p>\n<ul>\n<li><a href=\"https:\/\/blogsaverroes.juntadeandalucia.es\/webiesreyalabez\/files\/2020\/10\/Programa-ComunicA2020-21-1.pdf\"><strong>ComunicA.<\/strong><\/a><\/li>\n<li>H\u00e1bitos de vida saludable:<a href=\"https:\/\/blogsaverroes.juntadeandalucia.es\/webiesreyalabez\/files\/2020\/10\/PROGRAMAHHSSFORMAJOVENPARAELCURSO20-21.pdf\"><strong> Forma Joven<\/strong>.<\/a><\/li>\n<li><a href=\"https:\/\/blogsaverroes.juntadeandalucia.es\/webiesreyalabez\/files\/2020\/10\/PROGRAMACIO\u00cc\u0081NPROYECTOERASMUS-1.pdf\">ERASMUS +<\/a><\/li>\n<li><a href=\"https:\/\/blogsaverroes.juntadeandalucia.es\/webiesreyalabez\/files\/2020\/10\/PLANDEACTUACI\u00d3NDIGITAL_Ies_Rey_Alabez_20_21_Version_Mejorada_14_OCtubre.pdf\">PLAN DE ACTUACI\u00d3N DIGITAL<\/a><\/li>\n<li><a href=\"https:\/\/blogsaverroes.juntadeandalucia.es\/webiesreyalabez\/files\/2020\/10\/PlandeActuaci\u00c3\u00b3nEscuelaEspaciodePaz2-1.pdf\">Red andaluza: \u00ab<strong>Escuela: espacio de PAZ<\/strong>\u00ab.<\/a><\/li>\n<li>Red andaluza de<a href=\"https:\/\/blogsaverroes.juntadeandalucia.es\/webiesreyalabez\/files\/2020\/10\/PLANDETRABAJODELABIBLIOTECAESCOLAR2020-2021-1.pdf\"> <strong>Bibliotecas escolares<\/strong>.<\/a><\/li>\n<li>Plan de<a href=\"https:\/\/blogsaverroes.juntadeandalucia.es\/webiesreyalabez\/files\/2020\/10\/PROPUESTAPLANDEIGUALDAD20-21-1.pdf\"><strong> Igualdad de G\u00e9nero<\/strong> <\/a>(II Plan estrat\u00e9gico de Igualdad de G\u00e9nero en Educaci\u00f3n)<\/li>\n<li><a href=\"https:\/\/blogsaverroes.juntadeandalucia.es\/webiesreyalabez\/files\/2020\/10\/Proyecto-Prevenci\u00f3n-Violencia-de-G\u00e9nero-2020_21-IES-Rey-Alabez.pdf\">Prevenci\u00f3n violencia de g\u00e9nero.<\/a><\/li>\n<\/ul>\n<p style=\"text-align: center\"><iframe loading=\"lazy\" src=\"https:\/\/docs.google.com\/presentation\/d\/e\/2PACX-1vTe3aPflmkbI93BmlEEQQOwjD9DiHj_oPdYsawHB4ZcIzRgmYOdDO2nu7ofdB1fb9Yp_5ASXTgd2_go\/embed?start=false&amp;loop=false&amp;delayms=5000\" width=\"480\" height=\"299\" frameborder=\"0\"><\/iframe>&nbsp;<\/p>\n","protected":false},"excerpt":{"rendered":"<p>En el curso 2020-2021, los Planes y Programas que van desarrollarse son (pinchando en los enlaces pueden consultase las propuestas para este curso escolar): ComunicA. H\u00e1bitos de vida saludable: Forma Joven. ERASMUS + PLAN&#46;&#46;&#46;<\/p>\n","protected":false},"author":7589,"featured_media":0,"parent":0,"menu_order":0,"comment_status":"closed","ping_status":"closed","template":"page-templates\/child-menu.php","meta":{"ngg_post_thumbnail":0,"footnotes":""},"aioseo_notices":[],"_links":{"self":[{"href":"https:\/\/blogsaverroes.juntadeandalucia.es\/webiesreyalabez\/wp-json\/wp\/v2\/pages\/94"}],"collection":[{"href":"https:\/\/blogsaverroes.juntadeandalucia.es\/webiesreyalabez\/wp-json\/wp\/v2\/pages"}],"about":[{"href":"https:\/\/blogsaverroes.juntadeandalucia.es\/webiesreyalabez\/wp-json\/wp\/v2\/types\/page"}],"author":[{"embeddable":true,"href":"https:\/\/blogsaverroes.juntadeandalucia.es\/webiesreyalabez\/wp-json\/wp\/v2\/users\/7589"}],"replies":[{"embeddable":true,"href":"https:\/\/blogsaverroes.juntadeandalucia.es\/webiesreyalabez\/wp-json\/wp\/v2\/comments?post=94"}],"version-history":[{"count":18,"href":"https:\/\/blogsaverroes.juntadeandalucia.es\/webiesreyalabez\/wp-json\/wp\/v2\/pages\/94\/revisions"}],"predecessor-version":[{"id":1250,"href":"https:\/\/blogsaverroes.juntadeandalucia.es\/webiesreyalabez\/wp-json\/wp\/v2\/pages\/94\/revisions\/1250"}],"wp:attachment":[{"href":"https:\/\/blogsaverroes.juntadeandalucia.es\/webiesreyalabez\/wp-json\/wp\/v2\/media?parent=94"}],"curies":[{"name":"wp","href":"https:\/\/api.w.org\/{rel}","templated":true}]}}