{"id":2,"date":"2021-06-29T17:28:23","date_gmt":"2021-06-29T17:28:23","guid":{"rendered":"https:\/\/blogsaverroes.juntadeandalucia.es\/xtiendeapi\/?page_id=2"},"modified":"2022-06-26T10:19:02","modified_gmt":"2022-06-26T10:19:02","slug":"pagina-ejemplo","status":"publish","type":"page","link":"https:\/\/blogsaverroes.juntadeandalucia.es\/xtiendeapi\/pagina-ejemplo\/","title":{"rendered":"\u00a1Bienvenido, equipo!"},"content":{"rendered":"<p><img loading=\"lazy\" decoding=\"async\" class=\"wp-image-68 size-large\" src=\"https:\/\/blogsaverroes.juntadeandalucia.es\/xtiendeapi\/files\/2022\/06\/Equipo-scaled-e1655655081526-1024x315.jpg\" alt=\"Equipo\" width=\"1024\" height=\"315\" srcset=\"https:\/\/blogsaverroes.juntadeandalucia.es\/xtiendeapi\/files\/2022\/06\/Equipo-scaled-e1655655081526-1024x315.jpg 1024w, https:\/\/blogsaverroes.juntadeandalucia.es\/xtiendeapi\/files\/2022\/06\/Equipo-scaled-e1655655081526-300x92.jpg 300w, https:\/\/blogsaverroes.juntadeandalucia.es\/xtiendeapi\/files\/2022\/06\/Equipo-scaled-e1655655081526-768x236.jpg 768w, https:\/\/blogsaverroes.juntadeandalucia.es\/xtiendeapi\/files\/2022\/06\/Equipo-scaled-e1655655081526-1536x472.jpg 1536w, https:\/\/blogsaverroes.juntadeandalucia.es\/xtiendeapi\/files\/2022\/06\/Equipo-scaled-e1655655081526-2048x630.jpg 2048w\" sizes=\"(max-width: 1024px) 100vw, 1024px\" \/><\/p>\n<p><span style=\"font-family: helvetica, arial, sans-serif;font-size: 8pt\">Imagen de <a href=\"https:\/\/www.freepik.es\/autor\/upklyak\">upklyak<\/a>, en <a href=\"https:\/\/www.freepik.es\">Freepik<\/a><\/span><\/p>\n<h2><span style=\"font-family: 'trebuchet ms', geneva, sans-serif\">\u00a1<strong>Enhorabuena<\/strong> por vuestro reciente nombramiento como Equipo Directivo!<\/span><\/h2>\n<p><span style=\"font-family: 'trebuchet ms', geneva, sans-serif\">Hab\u00e9is estado analizando las caracter\u00edsticas de vuestro centro, y os hab\u00e9is dado cuenta de que no hay un sistema de comunicaci\u00f3n con las familias coordinado. Cada profe lo hace de una forma: unos por correo electr\u00f3nico, otros por iPasen, \u00a1incluso algunos utilizan su propio WhatsApp!<\/span><\/p>\n<p><span style=\"font-family: 'trebuchet ms', geneva, sans-serif\">Una de las primeras medidas que hab\u00e9is tomado es incluir en el Plan Digital de Centro que la comunicaci\u00f3n relativa a la evaluaci\u00f3n de las materias se realice mediante las <strong>observaciones de iPasen<\/strong>. Pero para que esto funcione, lo primero es conseguir que las familias conozcan esta aplicaci\u00f3n y sus ventajas.<\/span><\/p>\n<h2><span style=\"font-family: 'trebuchet ms', geneva, sans-serif\">Vuestra tarea<\/span><\/h2>\n<p><span style=\"font-family: 'trebuchet ms', geneva, sans-serif\">Ten\u00e9is que escribir una entrada en el blog del centro, dirigida a las familias del alumnado que va a entrar nuevo en 1\u00ba, que incluya lo siguiente:<\/span><\/p>\n<ol>\n<li><span style=\"font-family: 'trebuchet ms', geneva, sans-serif\">Dad la bienvenida a las familias y contadles un poco sobre vuestro centro.<\/span><\/li>\n<li><span style=\"font-family: 'trebuchet ms', geneva, sans-serif\">Contadles qu\u00e9 es iPasen y c\u00f3mo pueden instalarse y registrarse en la aplicaci\u00f3n.<\/span><\/li>\n<li><span style=\"font-family: 'trebuchet ms', geneva, sans-serif\">Incluid una de estas tres opciones:<\/span>\n<ol style=\"list-style-type: lower-alpha\">\n<li><span style=\"font-family: 'trebuchet ms', geneva, sans-serif\">C\u00f3mo utilizar la mensajer\u00eda de iPasen para comunicarse con el profesorado.<\/span><\/li>\n<li><span style=\"font-family: 'trebuchet ms', geneva, sans-serif\">C\u00f3mo consultar las notas y las observaciones.<\/span><\/li>\n<li><span style=\"font-family: 'trebuchet ms', geneva, sans-serif\">C\u00f3mo justificar las faltas de sus hijos e hijas.<\/span><\/li>\n<\/ol>\n<\/li>\n<\/ol>\n<p><span style=\"font-family: 'trebuchet ms', geneva, sans-serif\">Para ello pod\u00e9is utilizar texto e im\u00e1genes, hacer una presentaci\u00f3n o grabar un v\u00eddeo vosotros mismos y colgarlo en la entrada.<\/span><\/p>\n<p><span style=\"font-family: 'trebuchet ms', geneva, sans-serif\">\u00a1Sed originales! pero recordad que estamos demostrando que <strong>somos digitalmente competentes<\/strong>, as\u00ed que no descuid\u00e9is la netiqueta, usad solo im\u00e1genes que se puedan compartir, y cuidad la presentaci\u00f3n.<\/span><\/p>\n<p>&nbsp;<\/p>\n<p>\u00a1Antes de empezar!<\/p>\n<ol>\n<li>Un miembro del equipo debe acceder a <a href=\"https:\/\/blogsaverroes.juntadeandalucia.es\/wp-admin\/\">BlogAverroes<\/a> con su usuario IdEA.<\/li>\n<li>Comprobad el correo electr\u00f3nico con el que est\u00e1 registrado ese usuario y mandad un mensaje por el Blog, utilizando el m\u00f3dulo de \u00abContacto\u00bb:<br \/>\n<img loading=\"lazy\" decoding=\"async\" class=\"aligncenter size-medium wp-image-73\" src=\"https:\/\/blogsaverroes.juntadeandalucia.es\/xtiendeapi\/files\/2022\/06\/Contacto-300x155.jpeg\" alt=\"Contacto\" width=\"300\" height=\"155\" srcset=\"https:\/\/blogsaverroes.juntadeandalucia.es\/xtiendeapi\/files\/2022\/06\/Contacto-300x155.jpeg 300w, https:\/\/blogsaverroes.juntadeandalucia.es\/xtiendeapi\/files\/2022\/06\/Contacto-1024x531.jpeg 1024w, https:\/\/blogsaverroes.juntadeandalucia.es\/xtiendeapi\/files\/2022\/06\/Contacto-768x398.jpeg 768w, https:\/\/blogsaverroes.juntadeandalucia.es\/xtiendeapi\/files\/2022\/06\/Contacto.jpeg 1096w\" sizes=\"(max-width: 300px) 100vw, 300px\" \/><\/li>\n<li>El mensaje debe contener lo siguiente:<\/li>\n<\/ol>\n","protected":false},"excerpt":{"rendered":"<p>Imagen de upklyak, en Freepik \u00a1Enhorabuena por vuestro reciente nombramiento como Equipo Directivo! Hab\u00e9is estado analizando las caracter\u00edsticas de vuestro centro, y os hab\u00e9is dado cuenta de que no hay un sistema de comunicaci\u00f3n&#46;&#46;&#46;<\/p>\n","protected":false},"author":10439,"featured_media":0,"parent":0,"menu_order":0,"comment_status":"closed","ping_status":"open","template":"","meta":{"ngg_post_thumbnail":0,"footnotes":""},"aioseo_notices":[],"_links":{"self":[{"href":"https:\/\/blogsaverroes.juntadeandalucia.es\/xtiendeapi\/wp-json\/wp\/v2\/pages\/2"}],"collection":[{"href":"https:\/\/blogsaverroes.juntadeandalucia.es\/xtiendeapi\/wp-json\/wp\/v2\/pages"}],"about":[{"href":"https:\/\/blogsaverroes.juntadeandalucia.es\/xtiendeapi\/wp-json\/wp\/v2\/types\/page"}],"author":[{"embeddable":true,"href":"https:\/\/blogsaverroes.juntadeandalucia.es\/xtiendeapi\/wp-json\/wp\/v2\/users\/10439"}],"replies":[{"embeddable":true,"href":"https:\/\/blogsaverroes.juntadeandalucia.es\/xtiendeapi\/wp-json\/wp\/v2\/comments?post=2"}],"version-history":[{"count":4,"href":"https:\/\/blogsaverroes.juntadeandalucia.es\/xtiendeapi\/wp-json\/wp\/v2\/pages\/2\/revisions"}],"predecessor-version":[{"id":79,"href":"https:\/\/blogsaverroes.juntadeandalucia.es\/xtiendeapi\/wp-json\/wp\/v2\/pages\/2\/revisions\/79"}],"wp:attachment":[{"href":"https:\/\/blogsaverroes.juntadeandalucia.es\/xtiendeapi\/wp-json\/wp\/v2\/media?parent=2"}],"curies":[{"name":"wp","href":"https:\/\/api.w.org\/{rel}","templated":true}]}}