{"id":13,"date":"2021-11-28T12:42:56","date_gmt":"2021-11-28T12:42:56","guid":{"rendered":"https:\/\/blogsaverroes.juntadeandalucia.es\/yosoydesociales\/?page_id=13"},"modified":"2021-11-28T12:42:56","modified_gmt":"2021-11-28T12:42:56","slug":"quien-soy","status":"publish","type":"page","link":"https:\/\/blogsaverroes.juntadeandalucia.es\/yosoydesociales\/quien-soy\/","title":{"rendered":"\u00bfQui\u00e9n soy?"},"content":{"rendered":"<p>Mi nombre es Jorge Javier S\u00e1nchez Morales y soy profesor de Geograf\u00eda e Historia en el IES La Puebla (V\u00edcar, Almer\u00eda)<\/p>\n","protected":false},"excerpt":{"rendered":"<p>Mi nombre es Jorge Javier S\u00e1nchez Morales y soy profesor de Geograf\u00eda e Historia en el IES La Puebla (V\u00edcar, Almer\u00eda)<\/p>\n","protected":false},"author":14021,"featured_media":0,"parent":0,"menu_order":0,"comment_status":"closed","ping_status":"closed","template":"","meta":{"ngg_post_thumbnail":0,"footnotes":""},"aioseo_notices":[],"_links":{"self":[{"href":"https:\/\/blogsaverroes.juntadeandalucia.es\/yosoydesociales\/wp-json\/wp\/v2\/pages\/13"}],"collection":[{"href":"https:\/\/blogsaverroes.juntadeandalucia.es\/yosoydesociales\/wp-json\/wp\/v2\/pages"}],"about":[{"href":"https:\/\/blogsaverroes.juntadeandalucia.es\/yosoydesociales\/wp-json\/wp\/v2\/types\/page"}],"author":[{"embeddable":true,"href":"https:\/\/blogsaverroes.juntadeandalucia.es\/yosoydesociales\/wp-json\/wp\/v2\/users\/14021"}],"replies":[{"embeddable":true,"href":"https:\/\/blogsaverroes.juntadeandalucia.es\/yosoydesociales\/wp-json\/wp\/v2\/comments?post=13"}],"version-history":[{"count":1,"href":"https:\/\/blogsaverroes.juntadeandalucia.es\/yosoydesociales\/wp-json\/wp\/v2\/pages\/13\/revisions"}],"predecessor-version":[{"id":14,"href":"https:\/\/blogsaverroes.juntadeandalucia.es\/yosoydesociales\/wp-json\/wp\/v2\/pages\/13\/revisions\/14"}],"wp:attachment":[{"href":"https:\/\/blogsaverroes.juntadeandalucia.es\/yosoydesociales\/wp-json\/wp\/v2\/media?parent=13"}],"curies":[{"name":"wp","href":"https:\/\/api.w.org\/{rel}","templated":true}]}}