{"id":45,"date":"2021-12-10T18:06:25","date_gmt":"2021-12-10T18:06:25","guid":{"rendered":"https:\/\/blogsaverroes.juntadeandalucia.es\/yosoydesociales\/?page_id=45"},"modified":"2021-12-10T18:06:55","modified_gmt":"2021-12-10T18:06:55","slug":"contacta-conmigo","status":"publish","type":"page","link":"https:\/\/blogsaverroes.juntadeandalucia.es\/yosoydesociales\/contacta-conmigo\/","title":{"rendered":"Contacto"},"content":{"rendered":"<p>Hola a todos. Si quer\u00e9is contactar conmigo solo ten\u00e9is que rellenar el siguiente formulario. Prometo contestar lo m\u00e1s r\u00e1pido posible.<\/p>\n<p>[bestwebsoft_contact_form]<\/p>\n<p><iframe loading=\"lazy\" src=\"https:\/\/www.google.com\/maps\/embed?pb=!1m18!1m12!1m3!1d3799.2618952877087!2d-2.6433559551748798!3d36.799687991024946!2m3!1f0!2f0!3f0!3m2!1i1024!2i768!4f13.1!3m3!1m2!1s0x1297cdf027bc554b%3A0x73b0f2c68cdde788!2sInstituto%20de%20Educaci%C3%B3n%20Secundaria!5e0!3m2!1ses!2ses!4v1639159549414!5m2!1ses!2ses\" width=\"600\" height=\"450\"><\/iframe><\/p>\n<!--themify_builder_content-->\n<div id=\"themify_builder_content-45\" data-postid=\"45\" class=\"themify_builder_content themify_builder_content-45 themify_builder tf_clear\">\n    <\/div>\n<!--\/themify_builder_content-->\n","protected":false},"excerpt":{"rendered":"<p>Hola a todos. Si quer\u00e9is contactar conmigo solo ten\u00e9is que rellenar el siguiente formulario. Prometo contestar lo m\u00e1s r\u00e1pido posible. [bestwebsoft_contact_form]<\/p>\n","protected":false},"author":14021,"featured_media":0,"parent":0,"menu_order":0,"comment_status":"closed","ping_status":"closed","template":"","meta":{"ngg_post_thumbnail":0,"footnotes":""},"aioseo_notices":[],"_links":{"self":[{"href":"https:\/\/blogsaverroes.juntadeandalucia.es\/yosoydesociales\/wp-json\/wp\/v2\/pages\/45"}],"collection":[{"href":"https:\/\/blogsaverroes.juntadeandalucia.es\/yosoydesociales\/wp-json\/wp\/v2\/pages"}],"about":[{"href":"https:\/\/blogsaverroes.juntadeandalucia.es\/yosoydesociales\/wp-json\/wp\/v2\/types\/page"}],"author":[{"embeddable":true,"href":"https:\/\/blogsaverroes.juntadeandalucia.es\/yosoydesociales\/wp-json\/wp\/v2\/users\/14021"}],"replies":[{"embeddable":true,"href":"https:\/\/blogsaverroes.juntadeandalucia.es\/yosoydesociales\/wp-json\/wp\/v2\/comments?post=45"}],"version-history":[{"count":4,"href":"https:\/\/blogsaverroes.juntadeandalucia.es\/yosoydesociales\/wp-json\/wp\/v2\/pages\/45\/revisions"}],"predecessor-version":[{"id":50,"href":"https:\/\/blogsaverroes.juntadeandalucia.es\/yosoydesociales\/wp-json\/wp\/v2\/pages\/45\/revisions\/50"}],"wp:attachment":[{"href":"https:\/\/blogsaverroes.juntadeandalucia.es\/yosoydesociales\/wp-json\/wp\/v2\/media?parent=45"}],"curies":[{"name":"wp","href":"https:\/\/api.w.org\/{rel}","templated":true}]}}