{"id":17,"date":"2019-11-04T16:41:59","date_gmt":"2019-11-04T15:41:59","guid":{"rendered":"https:\/\/blogsaverroes.juntadeandalucia.es\/zubiteca\/?page_id=17"},"modified":"2023-09-26T13:13:31","modified_gmt":"2023-09-26T11:13:31","slug":"guia-de-la-zubiteca","status":"publish","type":"page","link":"https:\/\/blogsaverroes.juntadeandalucia.es\/zubiteca\/guia-de-la-zubiteca\/","title":{"rendered":"Gu\u00eda de la Zubiteca"},"content":{"rendered":"<p><img loading=\"lazy\" decoding=\"async\" class=\"aligncenter wp-image-278\" src=\"https:\/\/blogsaverroes.juntadeandalucia.es\/zubiteca\/files\/2019\/11\/ni\u00f1a2-300x200.jpg\" alt=\"\" width=\"371\" height=\"247\" srcset=\"https:\/\/blogsaverroes.juntadeandalucia.es\/zubiteca\/files\/2019\/11\/ni\u00f1a2-300x200.jpg 300w, https:\/\/blogsaverroes.juntadeandalucia.es\/zubiteca\/files\/2019\/11\/ni\u00f1a2-768x512.jpg 768w, https:\/\/blogsaverroes.juntadeandalucia.es\/zubiteca\/files\/2019\/11\/ni\u00f1a2-24x16.jpg 24w, https:\/\/blogsaverroes.juntadeandalucia.es\/zubiteca\/files\/2019\/11\/ni\u00f1a2-36x24.jpg 36w, https:\/\/blogsaverroes.juntadeandalucia.es\/zubiteca\/files\/2019\/11\/ni\u00f1a2-48x32.jpg 48w, https:\/\/blogsaverroes.juntadeandalucia.es\/zubiteca\/files\/2019\/11\/ni\u00f1a2.jpg 800w\" sizes=\"(max-width: 371px) 100vw, 371px\" \/><\/p>\n<p><a href=\"https:\/\/blogsaverroes.juntadeandalucia.es\/zubiteca\/files\/2023\/09\/INSTRUCCIONES-DE-LECTURA-DIARIA-PLANIFICADA.pdf\">INSTRUCCIONES DE 21 DE JUNIO DE 2023, SOBRE EL TRATAMIENTO DE LA LECTURA PARA EL DESPLIEGUE DE LA COMPETENCIA EN COMUNICACI\u00d3N LING\u00dc\u00cdSTICA EN EDUCACI\u00d3N PRIMARIA Y EDUCACI\u00d3N SECUNDARIA OBLIGATORIA<\/a><\/p>\n<p>&nbsp;<\/p>\n<p><span style=\"font-size: 14pt\"><strong>Gu\u00eda de la Zubiteca<\/strong><\/span><\/p>\n<p><img loading=\"lazy\" decoding=\"async\" class=\"aligncenter wp-image-514 size-full\" src=\"https:\/\/blogsaverroes.juntadeandalucia.es\/zubiteca\/files\/2019\/11\/Captura1.jpg\" alt=\"\" width=\"603\" height=\"848\" srcset=\"https:\/\/blogsaverroes.juntadeandalucia.es\/zubiteca\/files\/2019\/11\/Captura1.jpg 603w, https:\/\/blogsaverroes.juntadeandalucia.es\/zubiteca\/files\/2019\/11\/Captura1-189x266.jpg 189w, https:\/\/blogsaverroes.juntadeandalucia.es\/zubiteca\/files\/2019\/11\/Captura1-17x24.jpg 17w, https:\/\/blogsaverroes.juntadeandalucia.es\/zubiteca\/files\/2019\/11\/Captura1-26x36.jpg 26w, https:\/\/blogsaverroes.juntadeandalucia.es\/zubiteca\/files\/2019\/11\/Captura1-34x48.jpg 34w\" sizes=\"(max-width: 603px) 100vw, 603px\" \/><\/p>\n<p><img loading=\"lazy\" decoding=\"async\" class=\"aligncenter wp-image-515 size-full\" src=\"https:\/\/blogsaverroes.juntadeandalucia.es\/zubiteca\/files\/2019\/11\/Captura2-1.jpg\" alt=\"\" width=\"602\" height=\"848\" srcset=\"https:\/\/blogsaverroes.juntadeandalucia.es\/zubiteca\/files\/2019\/11\/Captura2-1.jpg 602w, https:\/\/blogsaverroes.juntadeandalucia.es\/zubiteca\/files\/2019\/11\/Captura2-1-189x266.jpg 189w, https:\/\/blogsaverroes.juntadeandalucia.es\/zubiteca\/files\/2019\/11\/Captura2-1-17x24.jpg 17w, https:\/\/blogsaverroes.juntadeandalucia.es\/zubiteca\/files\/2019\/11\/Captura2-1-26x36.jpg 26w, https:\/\/blogsaverroes.juntadeandalucia.es\/zubiteca\/files\/2019\/11\/Captura2-1-34x48.jpg 34w\" sizes=\"(max-width: 602px) 100vw, 602px\" \/><\/p>\n<p><img loading=\"lazy\" decoding=\"async\" class=\"aligncenter wp-image-516 size-full\" src=\"https:\/\/blogsaverroes.juntadeandalucia.es\/zubiteca\/files\/2019\/11\/Captura3.jpg\" alt=\"\" width=\"602\" height=\"848\" srcset=\"https:\/\/blogsaverroes.juntadeandalucia.es\/zubiteca\/files\/2019\/11\/Captura3.jpg 602w, https:\/\/blogsaverroes.juntadeandalucia.es\/zubiteca\/files\/2019\/11\/Captura3-189x266.jpg 189w, https:\/\/blogsaverroes.juntadeandalucia.es\/zubiteca\/files\/2019\/11\/Captura3-17x24.jpg 17w, https:\/\/blogsaverroes.juntadeandalucia.es\/zubiteca\/files\/2019\/11\/Captura3-26x36.jpg 26w, https:\/\/blogsaverroes.juntadeandalucia.es\/zubiteca\/files\/2019\/11\/Captura3-34x48.jpg 34w\" sizes=\"(max-width: 602px) 100vw, 602px\" \/><\/p>\n<p><img loading=\"lazy\" decoding=\"async\" class=\"aligncenter wp-image-517 size-full\" src=\"https:\/\/blogsaverroes.juntadeandalucia.es\/zubiteca\/files\/2019\/11\/Captura4.jpg\" alt=\"\" width=\"603\" height=\"848\" srcset=\"https:\/\/blogsaverroes.juntadeandalucia.es\/zubiteca\/files\/2019\/11\/Captura4.jpg 603w, https:\/\/blogsaverroes.juntadeandalucia.es\/zubiteca\/files\/2019\/11\/Captura4-189x266.jpg 189w, https:\/\/blogsaverroes.juntadeandalucia.es\/zubiteca\/files\/2019\/11\/Captura4-17x24.jpg 17w, https:\/\/blogsaverroes.juntadeandalucia.es\/zubiteca\/files\/2019\/11\/Captura4-26x36.jpg 26w, https:\/\/blogsaverroes.juntadeandalucia.es\/zubiteca\/files\/2019\/11\/Captura4-34x48.jpg 34w\" sizes=\"(max-width: 603px) 100vw, 603px\" \/><\/p>\n<p><img loading=\"lazy\" decoding=\"async\" class=\"aligncenter wp-image-518 size-full\" src=\"https:\/\/blogsaverroes.juntadeandalucia.es\/zubiteca\/files\/2019\/11\/Captura5.jpg\" alt=\"\" width=\"602\" height=\"848\" srcset=\"https:\/\/blogsaverroes.juntadeandalucia.es\/zubiteca\/files\/2019\/11\/Captura5.jpg 602w, https:\/\/blogsaverroes.juntadeandalucia.es\/zubiteca\/files\/2019\/11\/Captura5-189x266.jpg 189w, https:\/\/blogsaverroes.juntadeandalucia.es\/zubiteca\/files\/2019\/11\/Captura5-17x24.jpg 17w, https:\/\/blogsaverroes.juntadeandalucia.es\/zubiteca\/files\/2019\/11\/Captura5-26x36.jpg 26w, https:\/\/blogsaverroes.juntadeandalucia.es\/zubiteca\/files\/2019\/11\/Captura5-34x48.jpg 34w\" sizes=\"(max-width: 602px) 100vw, 602px\" \/><\/p>\n<p><img loading=\"lazy\" decoding=\"async\" class=\"aligncenter wp-image-521 size-full\" src=\"https:\/\/blogsaverroes.juntadeandalucia.es\/zubiteca\/files\/2019\/11\/Captura6-1.jpg\" alt=\"\" width=\"592\" height=\"339\" srcset=\"https:\/\/blogsaverroes.juntadeandalucia.es\/zubiteca\/files\/2019\/11\/Captura6-1.jpg 592w, https:\/\/blogsaverroes.juntadeandalucia.es\/zubiteca\/files\/2019\/11\/Captura6-1-300x172.jpg 300w, https:\/\/blogsaverroes.juntadeandalucia.es\/zubiteca\/files\/2019\/11\/Captura6-1-24x14.jpg 24w, https:\/\/blogsaverroes.juntadeandalucia.es\/zubiteca\/files\/2019\/11\/Captura6-1-36x21.jpg 36w, https:\/\/blogsaverroes.juntadeandalucia.es\/zubiteca\/files\/2019\/11\/Captura6-1-48x27.jpg 48w\" sizes=\"(max-width: 592px) 100vw, 592px\" \/><\/p>\n<p>&nbsp;<\/p>\n<p><img loading=\"lazy\" decoding=\"async\" class=\"aligncenter wp-image-520 size-full\" src=\"https:\/\/blogsaverroes.juntadeandalucia.es\/zubiteca\/files\/2019\/11\/Captura7.jpg\" alt=\"\" width=\"603\" height=\"848\" srcset=\"https:\/\/blogsaverroes.juntadeandalucia.es\/zubiteca\/files\/2019\/11\/Captura7.jpg 603w, https:\/\/blogsaverroes.juntadeandalucia.es\/zubiteca\/files\/2019\/11\/Captura7-189x266.jpg 189w, https:\/\/blogsaverroes.juntadeandalucia.es\/zubiteca\/files\/2019\/11\/Captura7-17x24.jpg 17w, https:\/\/blogsaverroes.juntadeandalucia.es\/zubiteca\/files\/2019\/11\/Captura7-26x36.jpg 26w, https:\/\/blogsaverroes.juntadeandalucia.es\/zubiteca\/files\/2019\/11\/Captura7-34x48.jpg 34w\" sizes=\"(max-width: 603px) 100vw, 603px\" \/><\/p>\n<p><strong>NORMAS DE USO DE LA BIBLIOTECA DE CENTRO<\/strong><\/p>\n<p><strong>&nbsp;<\/strong>&nbsp;&nbsp;&nbsp;&nbsp;&nbsp;&nbsp;&nbsp;&nbsp;&nbsp;&nbsp;&nbsp;&nbsp;&nbsp;&nbsp;&nbsp; En orden a educar en el uso responsable de los recursos educativos comunes y permitir su disfrute, en igualdad de condiciones, por parte de todos los miembros de la comunidad educativa, se seguir\u00e1n las siguientes normas.<\/p>\n<ul>\n<li>Los alumnos y alumnas s\u00f3lo podr\u00e1n acceder a los libros mediante pr\u00e9stamo, siendo registrados por el profesorado encargado de la Biblioteca. No se permite la manipulaci\u00f3n de los ejemplares por parte del alumnado fuera de esta circunstancia.<\/li>\n<li>Los pr\u00e9stamos se realizar\u00e1n en el horario establecido para cada curso.<\/li>\n<li>\u00danicamente podr\u00e1n ser prestados aquellos ejemplares que lleven consignado, en sus primeras p\u00e1ginas, el n\u00famero de ejemplar (v. gr.: E.000000X).<\/li>\n<li>La duraci\u00f3n del pr\u00e9stamo ser\u00e1 por un m\u00e1ximo de quince d\u00edas. Al t\u00e9rmino de dicho periodo, se podr\u00e1 renovar el pr\u00e9stamo, para lo cual se deber\u00e1 presentar el ejemplar en pr\u00e9stamo.<\/li>\n<li>Los ejemplares ser\u00e1n colocados en su lugar en las estanter\u00edas por el alumnado al ser devueltos.<\/li>\n<li>Los profesores y profesoras que, en el desarrollo de las actividades educativas que tienen lugar en la Biblioteca, decidan un uso colectivo de ejemplares s\u00f3lo por el tiempo que dure dicha actividad, se encargar\u00e1n de repartir los ejemplares necesarios.<\/li>\n<li>La biblioteca tiene como uso prioritario la lectura y el estudio a nivel individual, en un clima de silencio y respeto mutuo. El alumnado podr\u00e1 tener acceso a la misma siempre y cuando haya un encargado de biblioteca.<\/li>\n<li>El acceso a los libros en r\u00e9gimen de pr\u00e9stamo ser\u00e1 para toda aquella persona que pertenezca a la comunidad escolar.<\/li>\n<li>El registro de pr\u00e9stamo de libros se realizar\u00e1 a trav\u00e9s de la Plataforma BIBLIOWEB. Lo gestionar\u00e1 el Profesor encargado del pr\u00e9stamo en ese momento o el tutor o tutora que est\u00e9 con su grupo en la biblioteca.<\/li>\n<li>Es imprescindible la presentaci\u00f3n del carn\u00e9 de la biblioteca del Centro para el pr\u00e9stamo de libros al alumnado.<\/li>\n<li>El alumnado podr\u00e1 sacar en pr\u00e9stamo un libro cada vez durante un plazo m\u00e1ximo&nbsp; de quince d\u00edas naturales.<\/li>\n<li>La Biblioteca del Centro podr\u00e1 realizar prestamos a las bibliotecas de&nbsp; Aulas, supervisado estos pr\u00e9stamos por el\/la Coordinador\/a de Biblioteca. Se har\u00e1 constar en un documento los libros entregadas a cada aula y que formen parte de los fondos de la biblioteca del Centro. Los libros deben ser devueltos antes de finalizar el curso escolar (m\u00e1ximo la 2\u00aa semana de junio).<\/li>\n<li>Cuando un libro no haya sido devuelto dos d\u00edas despu\u00e9s de finalizado el plazo, se notificar\u00e1 a la persona correspondiente y esta no podr\u00e1 sacar m\u00e1s libros durante tantos d\u00edas como se haya retrasado en la devoluci\u00f3n.<\/li>\n<li>En caso de reincidencia se negar\u00e1 el derecho a la utilizaci\u00f3n de pr\u00e9stamo de libros teniendo s\u00f3lo acceso a la consulta en la sala.<\/li>\n<\/ul>\n","protected":false},"excerpt":{"rendered":"<p>INSTRUCCIONES DE 21 DE JUNIO DE 2023, SOBRE EL TRATAMIENTO DE LA LECTURA PARA EL DESPLIEGUE DE LA COMPETENCIA EN COMUNICACI\u00d3N LING\u00dc\u00cdSTICA EN EDUCACI\u00d3N PRIMARIA Y EDUCACI\u00d3N SECUNDARIA OBLIGATORIA &nbsp; Gu\u00eda de la Zubiteca&#46;&#46;&#46;<\/p>\n","protected":false},"author":7539,"featured_media":0,"parent":0,"menu_order":0,"comment_status":"closed","ping_status":"closed","template":"","meta":{"ngg_post_thumbnail":0,"footnotes":""},"aioseo_notices":[],"_links":{"self":[{"href":"https:\/\/blogsaverroes.juntadeandalucia.es\/zubiteca\/wp-json\/wp\/v2\/pages\/17"}],"collection":[{"href":"https:\/\/blogsaverroes.juntadeandalucia.es\/zubiteca\/wp-json\/wp\/v2\/pages"}],"about":[{"href":"https:\/\/blogsaverroes.juntadeandalucia.es\/zubiteca\/wp-json\/wp\/v2\/types\/page"}],"author":[{"embeddable":true,"href":"https:\/\/blogsaverroes.juntadeandalucia.es\/zubiteca\/wp-json\/wp\/v2\/users\/7539"}],"replies":[{"embeddable":true,"href":"https:\/\/blogsaverroes.juntadeandalucia.es\/zubiteca\/wp-json\/wp\/v2\/comments?post=17"}],"version-history":[{"count":9,"href":"https:\/\/blogsaverroes.juntadeandalucia.es\/zubiteca\/wp-json\/wp\/v2\/pages\/17\/revisions"}],"predecessor-version":[{"id":666,"href":"https:\/\/blogsaverroes.juntadeandalucia.es\/zubiteca\/wp-json\/wp\/v2\/pages\/17\/revisions\/666"}],"wp:attachment":[{"href":"https:\/\/blogsaverroes.juntadeandalucia.es\/zubiteca\/wp-json\/wp\/v2\/media?parent=17"}],"curies":[{"name":"wp","href":"https:\/\/api.w.org\/{rel}","templated":true}]}}