{"id":450,"date":"2019-11-17T10:47:28","date_gmt":"2019-11-17T09:47:28","guid":{"rendered":"https:\/\/blogsaverroes.juntadeandalucia.es\/zubiteca\/?page_id=450"},"modified":"2019-11-17T11:16:44","modified_gmt":"2019-11-17T10:16:44","slug":"primer-ciclo","status":"publish","type":"page","link":"https:\/\/blogsaverroes.juntadeandalucia.es\/zubiteca\/primer-ciclo\/","title":{"rendered":"Primer Ciclo"},"content":{"rendered":"<p><strong>LIBROS RECOMENDADOS PARA 1\u00ba Y 2\u00ba DE EDUCACI\u00d3N PRIMARIA<\/strong><\/p>\n<table>\n<tbody>\n<tr>\n<td><strong>T\u00cdTULOS<\/strong><\/td>\n<td><strong>TEMAS<\/strong><\/td>\n<\/tr>\n<tr>\n<td><img loading=\"lazy\" decoding=\"async\" class=\"aligncenter size-medium wp-image-462\" src=\"https:\/\/blogsaverroes.juntadeandalucia.es\/zubiteca\/files\/2019\/11\/Marcial-Milpies-176x266.jpg\" alt=\"\" width=\"176\" height=\"266\" srcset=\"https:\/\/blogsaverroes.juntadeandalucia.es\/zubiteca\/files\/2019\/11\/Marcial-Milpies-176x266.jpg 176w, https:\/\/blogsaverroes.juntadeandalucia.es\/zubiteca\/files\/2019\/11\/Marcial-Milpies-16x24.jpg 16w, https:\/\/blogsaverroes.juntadeandalucia.es\/zubiteca\/files\/2019\/11\/Marcial-Milpies-24x36.jpg 24w, https:\/\/blogsaverroes.juntadeandalucia.es\/zubiteca\/files\/2019\/11\/Marcial-Milpies-32x48.jpg 32w, https:\/\/blogsaverroes.juntadeandalucia.es\/zubiteca\/files\/2019\/11\/Marcial-Milpies.jpg 288w\" sizes=\"(max-width: 176px) 100vw, 176px\" \/><\/td>\n<td>Respeto a la diversidad, humor, empat\u00eda, tolerancia, justicia, amistad, amor y lealtad.<\/td>\n<\/tr>\n<tr>\n<td><img loading=\"lazy\" decoding=\"async\" class=\"aligncenter size-medium wp-image-463\" src=\"https:\/\/blogsaverroes.juntadeandalucia.es\/zubiteca\/files\/2019\/11\/No-eres-una-lagartija-175x266.jpg\" alt=\"\" width=\"175\" height=\"266\" srcset=\"https:\/\/blogsaverroes.juntadeandalucia.es\/zubiteca\/files\/2019\/11\/No-eres-una-lagartija-175x266.jpg 175w, https:\/\/blogsaverroes.juntadeandalucia.es\/zubiteca\/files\/2019\/11\/No-eres-una-lagartija-16x24.jpg 16w, https:\/\/blogsaverroes.juntadeandalucia.es\/zubiteca\/files\/2019\/11\/No-eres-una-lagartija-24x36.jpg 24w, https:\/\/blogsaverroes.juntadeandalucia.es\/zubiteca\/files\/2019\/11\/No-eres-una-lagartija-32x48.jpg 32w, https:\/\/blogsaverroes.juntadeandalucia.es\/zubiteca\/files\/2019\/11\/No-eres-una-lagartija.jpg 229w\" sizes=\"(max-width: 175px) 100vw, 175px\" \/><\/td>\n<td>Amistad, amor, lealtad, empat\u00eda, tolerancia, justicia, solidaridad, compa\u00f1erismo, respeto a la diversidad.<\/td>\n<\/tr>\n<tr>\n<td><img loading=\"lazy\" decoding=\"async\" class=\"aligncenter size-medium wp-image-464\" src=\"https:\/\/blogsaverroes.juntadeandalucia.es\/zubiteca\/files\/2019\/11\/Mistral-177x266.jpg\" alt=\"\" width=\"177\" height=\"266\" srcset=\"https:\/\/blogsaverroes.juntadeandalucia.es\/zubiteca\/files\/2019\/11\/Mistral-177x266.jpg 177w, https:\/\/blogsaverroes.juntadeandalucia.es\/zubiteca\/files\/2019\/11\/Mistral-16x24.jpg 16w, https:\/\/blogsaverroes.juntadeandalucia.es\/zubiteca\/files\/2019\/11\/Mistral-24x36.jpg 24w, https:\/\/blogsaverroes.juntadeandalucia.es\/zubiteca\/files\/2019\/11\/Mistral-32x48.jpg 32w, https:\/\/blogsaverroes.juntadeandalucia.es\/zubiteca\/files\/2019\/11\/Mistral.jpg 183w\" sizes=\"(max-width: 177px) 100vw, 177px\" \/><\/td>\n<td>Amistad, aceptaci\u00f3n y valoraci\u00f3n de uno mismo, autoestima, convivencia y familia.<\/td>\n<\/tr>\n<tr>\n<td><img loading=\"lazy\" decoding=\"async\" class=\"aligncenter size-medium wp-image-465\" src=\"https:\/\/blogsaverroes.juntadeandalucia.es\/zubiteca\/files\/2019\/11\/Laura-y-el-raton-174x266.jpg\" alt=\"\" width=\"174\" height=\"266\" srcset=\"https:\/\/blogsaverroes.juntadeandalucia.es\/zubiteca\/files\/2019\/11\/Laura-y-el-raton-174x266.jpg 174w, https:\/\/blogsaverroes.juntadeandalucia.es\/zubiteca\/files\/2019\/11\/Laura-y-el-raton-16x24.jpg 16w, https:\/\/blogsaverroes.juntadeandalucia.es\/zubiteca\/files\/2019\/11\/Laura-y-el-raton-24x36.jpg 24w, https:\/\/blogsaverroes.juntadeandalucia.es\/zubiteca\/files\/2019\/11\/Laura-y-el-raton-31x48.jpg 31w, https:\/\/blogsaverroes.juntadeandalucia.es\/zubiteca\/files\/2019\/11\/Laura-y-el-raton.jpg 175w\" sizes=\"(max-width: 174px) 100vw, 174px\" \/><\/td>\n<td>Convivencia, amistad, tolerancia, empat\u00eda y valent\u00eda.<\/td>\n<\/tr>\n<tr>\n<td><img loading=\"lazy\" decoding=\"async\" class=\"aligncenter size-medium wp-image-466\" src=\"https:\/\/blogsaverroes.juntadeandalucia.es\/zubiteca\/files\/2019\/11\/Sola-173x266.jpg\" alt=\"\" width=\"173\" height=\"266\" srcset=\"https:\/\/blogsaverroes.juntadeandalucia.es\/zubiteca\/files\/2019\/11\/Sola-173x266.jpg 173w, https:\/\/blogsaverroes.juntadeandalucia.es\/zubiteca\/files\/2019\/11\/Sola-16x24.jpg 16w, https:\/\/blogsaverroes.juntadeandalucia.es\/zubiteca\/files\/2019\/11\/Sola-23x36.jpg 23w, https:\/\/blogsaverroes.juntadeandalucia.es\/zubiteca\/files\/2019\/11\/Sola-31x48.jpg 31w, https:\/\/blogsaverroes.juntadeandalucia.es\/zubiteca\/files\/2019\/11\/Sola.jpg 181w\" sizes=\"(max-width: 173px) 100vw, 173px\" \/><\/td>\n<td>Abandono y la solidaridad<\/td>\n<\/tr>\n<tr>\n<td><img loading=\"lazy\" decoding=\"async\" class=\"aligncenter size-medium wp-image-467\" src=\"https:\/\/blogsaverroes.juntadeandalucia.es\/zubiteca\/files\/2019\/11\/Andrea-173x266.jpg\" alt=\"\" width=\"173\" height=\"266\" srcset=\"https:\/\/blogsaverroes.juntadeandalucia.es\/zubiteca\/files\/2019\/11\/Andrea-173x266.jpg 173w, https:\/\/blogsaverroes.juntadeandalucia.es\/zubiteca\/files\/2019\/11\/Andrea-16x24.jpg 16w, https:\/\/blogsaverroes.juntadeandalucia.es\/zubiteca\/files\/2019\/11\/Andrea-23x36.jpg 23w, https:\/\/blogsaverroes.juntadeandalucia.es\/zubiteca\/files\/2019\/11\/Andrea-31x48.jpg 31w, https:\/\/blogsaverroes.juntadeandalucia.es\/zubiteca\/files\/2019\/11\/Andrea.jpg 181w\" sizes=\"(max-width: 173px) 100vw, 173px\" \/><\/td>\n<td>Solidaridad<\/td>\n<\/tr>\n<tr>\n<td><img loading=\"lazy\" decoding=\"async\" class=\"aligncenter size-medium wp-image-469\" src=\"https:\/\/blogsaverroes.juntadeandalucia.es\/zubiteca\/files\/2019\/11\/Cartero_convirtio_carta_EDV-173x266.jpg\" alt=\"\" width=\"173\" height=\"266\" srcset=\"https:\/\/blogsaverroes.juntadeandalucia.es\/zubiteca\/files\/2019\/11\/Cartero_convirtio_carta_EDV-173x266.jpg 173w, https:\/\/blogsaverroes.juntadeandalucia.es\/zubiteca\/files\/2019\/11\/Cartero_convirtio_carta_EDV-768x1182.jpg 768w, https:\/\/blogsaverroes.juntadeandalucia.es\/zubiteca\/files\/2019\/11\/Cartero_convirtio_carta_EDV-666x1024.jpg 666w, https:\/\/blogsaverroes.juntadeandalucia.es\/zubiteca\/files\/2019\/11\/Cartero_convirtio_carta_EDV-16x24.jpg 16w, https:\/\/blogsaverroes.juntadeandalucia.es\/zubiteca\/files\/2019\/11\/Cartero_convirtio_carta_EDV-23x36.jpg 23w, https:\/\/blogsaverroes.juntadeandalucia.es\/zubiteca\/files\/2019\/11\/Cartero_convirtio_carta_EDV-31x48.jpg 31w, https:\/\/blogsaverroes.juntadeandalucia.es\/zubiteca\/files\/2019\/11\/Cartero_convirtio_carta_EDV.jpg 910w\" sizes=\"(max-width: 173px) 100vw, 173px\" \/><\/td>\n<td>Paz<\/td>\n<\/tr>\n<tr>\n<td><img loading=\"lazy\" decoding=\"async\" class=\"aligncenter size-medium wp-image-470\" src=\"https:\/\/blogsaverroes.juntadeandalucia.es\/zubiteca\/files\/2019\/11\/Quiero-vender-168x266.jpg\" alt=\"\" width=\"168\" height=\"266\" srcset=\"https:\/\/blogsaverroes.juntadeandalucia.es\/zubiteca\/files\/2019\/11\/Quiero-vender-168x266.jpg 168w, https:\/\/blogsaverroes.juntadeandalucia.es\/zubiteca\/files\/2019\/11\/Quiero-vender-15x24.jpg 15w, https:\/\/blogsaverroes.juntadeandalucia.es\/zubiteca\/files\/2019\/11\/Quiero-vender-23x36.jpg 23w, https:\/\/blogsaverroes.juntadeandalucia.es\/zubiteca\/files\/2019\/11\/Quiero-vender-30x48.jpg 30w, https:\/\/blogsaverroes.juntadeandalucia.es\/zubiteca\/files\/2019\/11\/Quiero-vender.jpg 316w\" sizes=\"(max-width: 168px) 100vw, 168px\" \/><\/td>\n<td>La familia y los celos<\/td>\n<\/tr>\n<tr>\n<td><img loading=\"lazy\" decoding=\"async\" class=\"aligncenter size-medium wp-image-471\" src=\"https:\/\/blogsaverroes.juntadeandalucia.es\/zubiteca\/files\/2019\/11\/ni\u00f1a-173x266.jpg\" alt=\"\" width=\"173\" height=\"266\" srcset=\"https:\/\/blogsaverroes.juntadeandalucia.es\/zubiteca\/files\/2019\/11\/ni\u00f1a-173x266.jpg 173w, https:\/\/blogsaverroes.juntadeandalucia.es\/zubiteca\/files\/2019\/11\/ni\u00f1a-16x24.jpg 16w, https:\/\/blogsaverroes.juntadeandalucia.es\/zubiteca\/files\/2019\/11\/ni\u00f1a-23x36.jpg 23w, https:\/\/blogsaverroes.juntadeandalucia.es\/zubiteca\/files\/2019\/11\/ni\u00f1a-31x48.jpg 31w, https:\/\/blogsaverroes.juntadeandalucia.es\/zubiteca\/files\/2019\/11\/ni\u00f1a.jpg 229w\" sizes=\"(max-width: 173px) 100vw, 173px\" \/><\/td>\n<td>Identidad y diferencias sexuales<\/td>\n<\/tr>\n<tr>\n<td><img loading=\"lazy\" decoding=\"async\" class=\"aligncenter size-medium wp-image-472\" src=\"https:\/\/blogsaverroes.juntadeandalucia.es\/zubiteca\/files\/2019\/11\/hada-acaramelada-193x266.jpg\" alt=\"\" width=\"193\" height=\"266\" srcset=\"https:\/\/blogsaverroes.juntadeandalucia.es\/zubiteca\/files\/2019\/11\/hada-acaramelada-193x266.jpg 193w, https:\/\/blogsaverroes.juntadeandalucia.es\/zubiteca\/files\/2019\/11\/hada-acaramelada-17x24.jpg 17w, https:\/\/blogsaverroes.juntadeandalucia.es\/zubiteca\/files\/2019\/11\/hada-acaramelada-26x36.jpg 26w, https:\/\/blogsaverroes.juntadeandalucia.es\/zubiteca\/files\/2019\/11\/hada-acaramelada-35x48.jpg 35w, https:\/\/blogsaverroes.juntadeandalucia.es\/zubiteca\/files\/2019\/11\/hada-acaramelada.jpg 362w\" sizes=\"(max-width: 193px) 100vw, 193px\" \/><\/td>\n<td>Cuento en verso: felicidad<\/td>\n<\/tr>\n<\/tbody>\n<\/table>\n<p>&nbsp;<\/p>\n","protected":false},"excerpt":{"rendered":"<p>LIBROS RECOMENDADOS PARA 1\u00ba Y 2\u00ba DE EDUCACI\u00d3N PRIMARIA T\u00cdTULOS TEMAS Respeto a la diversidad, humor, empat\u00eda, tolerancia, justicia, amistad, amor y lealtad. Amistad, amor, lealtad, empat\u00eda, tolerancia, justicia, solidaridad, compa\u00f1erismo, respeto a la&#46;&#46;&#46;<\/p>\n","protected":false},"author":7539,"featured_media":0,"parent":0,"menu_order":0,"comment_status":"closed","ping_status":"closed","template":"","meta":{"ngg_post_thumbnail":0,"footnotes":""},"aioseo_notices":[],"_links":{"self":[{"href":"https:\/\/blogsaverroes.juntadeandalucia.es\/zubiteca\/wp-json\/wp\/v2\/pages\/450"}],"collection":[{"href":"https:\/\/blogsaverroes.juntadeandalucia.es\/zubiteca\/wp-json\/wp\/v2\/pages"}],"about":[{"href":"https:\/\/blogsaverroes.juntadeandalucia.es\/zubiteca\/wp-json\/wp\/v2\/types\/page"}],"author":[{"embeddable":true,"href":"https:\/\/blogsaverroes.juntadeandalucia.es\/zubiteca\/wp-json\/wp\/v2\/users\/7539"}],"replies":[{"embeddable":true,"href":"https:\/\/blogsaverroes.juntadeandalucia.es\/zubiteca\/wp-json\/wp\/v2\/comments?post=450"}],"version-history":[{"count":4,"href":"https:\/\/blogsaverroes.juntadeandalucia.es\/zubiteca\/wp-json\/wp\/v2\/pages\/450\/revisions"}],"predecessor-version":[{"id":473,"href":"https:\/\/blogsaverroes.juntadeandalucia.es\/zubiteca\/wp-json\/wp\/v2\/pages\/450\/revisions\/473"}],"wp:attachment":[{"href":"https:\/\/blogsaverroes.juntadeandalucia.es\/zubiteca\/wp-json\/wp\/v2\/media?parent=450"}],"curies":[{"name":"wp","href":"https:\/\/api.w.org\/{rel}","templated":true}]}}