{"id":451,"date":"2019-11-17T10:47:28","date_gmt":"2019-11-17T09:47:28","guid":{"rendered":"https:\/\/blogsaverroes.juntadeandalucia.es\/zubiteca\/?page_id=451"},"modified":"2019-11-17T12:09:23","modified_gmt":"2019-11-17T11:09:23","slug":"segundo-ciclo","status":"publish","type":"page","link":"https:\/\/blogsaverroes.juntadeandalucia.es\/zubiteca\/segundo-ciclo\/","title":{"rendered":"Segundo Ciclo"},"content":{"rendered":"<table width=\"0\">\n<tbody>\n<tr>\n<td colspan=\"2\" width=\"100%\"><strong>LIBROS RECOMENDADOS PARA 3\u00ba Y 4\u00aa&nbsp; DE EDUCACI\u00d3N PRIMARIA<\/strong><\/td>\n<\/tr>\n<tr>\n<td width=\"47%\"><strong>T\u00cdTULOS<\/strong><\/td>\n<td width=\"53%\"><strong>TEMAS TRATADOS<\/strong><\/td>\n<\/tr>\n<tr>\n<td width=\"47%\"><img loading=\"lazy\" decoding=\"async\" class=\"aligncenter size-medium wp-image-490\" src=\"https:\/\/blogsaverroes.juntadeandalucia.es\/zubiteca\/files\/2019\/11\/el-palacio-de-papel-sopa-de-libros-176x266.jpg\" alt=\"\" width=\"176\" height=\"266\" srcset=\"https:\/\/blogsaverroes.juntadeandalucia.es\/zubiteca\/files\/2019\/11\/el-palacio-de-papel-sopa-de-libros-176x266.jpg 176w, https:\/\/blogsaverroes.juntadeandalucia.es\/zubiteca\/files\/2019\/11\/el-palacio-de-papel-sopa-de-libros-768x1164.jpg 768w, https:\/\/blogsaverroes.juntadeandalucia.es\/zubiteca\/files\/2019\/11\/el-palacio-de-papel-sopa-de-libros-676x1024.jpg 676w, https:\/\/blogsaverroes.juntadeandalucia.es\/zubiteca\/files\/2019\/11\/el-palacio-de-papel-sopa-de-libros-16x24.jpg 16w, https:\/\/blogsaverroes.juntadeandalucia.es\/zubiteca\/files\/2019\/11\/el-palacio-de-papel-sopa-de-libros-24x36.jpg 24w, https:\/\/blogsaverroes.juntadeandalucia.es\/zubiteca\/files\/2019\/11\/el-palacio-de-papel-sopa-de-libros-32x48.jpg 32w, https:\/\/blogsaverroes.juntadeandalucia.es\/zubiteca\/files\/2019\/11\/el-palacio-de-papel-sopa-de-libros.jpg 1000w\" sizes=\"(max-width: 176px) 100vw, 176px\" \/><\/td>\n<td width=\"53%\">INTIMIDAD, TOLERANCIA Y MEDIO AMBIENTE.<\/td>\n<\/tr>\n<tr>\n<td width=\"47%\"><img loading=\"lazy\" decoding=\"async\" class=\"aligncenter size-medium wp-image-491\" src=\"https:\/\/blogsaverroes.juntadeandalucia.es\/zubiteca\/files\/2019\/11\/Traspies-178x266.jpg\" alt=\"\" width=\"178\" height=\"266\" srcset=\"https:\/\/blogsaverroes.juntadeandalucia.es\/zubiteca\/files\/2019\/11\/Traspies-178x266.jpg 178w, https:\/\/blogsaverroes.juntadeandalucia.es\/zubiteca\/files\/2019\/11\/Traspies-16x24.jpg 16w, https:\/\/blogsaverroes.juntadeandalucia.es\/zubiteca\/files\/2019\/11\/Traspies-24x36.jpg 24w, https:\/\/blogsaverroes.juntadeandalucia.es\/zubiteca\/files\/2019\/11\/Traspies-32x48.jpg 32w, https:\/\/blogsaverroes.juntadeandalucia.es\/zubiteca\/files\/2019\/11\/Traspies.jpg 334w\" sizes=\"(max-width: 178px) 100vw, 178px\" \/><\/td>\n<td width=\"53%\">HUMOR Y FANTAS\u00cdA<\/td>\n<\/tr>\n<tr>\n<td width=\"47%\"><img loading=\"lazy\" decoding=\"async\" class=\"aligncenter size-medium wp-image-492\" src=\"https:\/\/blogsaverroes.juntadeandalucia.es\/zubiteca\/files\/2019\/11\/gallina-175x266.jpg\" alt=\"\" width=\"175\" height=\"266\" srcset=\"https:\/\/blogsaverroes.juntadeandalucia.es\/zubiteca\/files\/2019\/11\/gallina-175x266.jpg 175w, https:\/\/blogsaverroes.juntadeandalucia.es\/zubiteca\/files\/2019\/11\/gallina-16x24.jpg 16w, https:\/\/blogsaverroes.juntadeandalucia.es\/zubiteca\/files\/2019\/11\/gallina-24x36.jpg 24w, https:\/\/blogsaverroes.juntadeandalucia.es\/zubiteca\/files\/2019\/11\/gallina-31x48.jpg 31w, https:\/\/blogsaverroes.juntadeandalucia.es\/zubiteca\/files\/2019\/11\/gallina.jpg 229w\" sizes=\"(max-width: 175px) 100vw, 175px\" \/><\/td>\n<td width=\"53%\">AMISTAD, B\u00daSQUEDA DE IDENTIDAD, IGUALDAD PARA AMBOS SEXOS<strong>.<\/strong><\/td>\n<\/tr>\n<tr>\n<td width=\"47%\"><img loading=\"lazy\" decoding=\"async\" class=\"aligncenter size-medium wp-image-493\" src=\"https:\/\/blogsaverroes.juntadeandalucia.es\/zubiteca\/files\/2019\/11\/el-gran-amor-de-una-gallina-el-duende-verde-175x266.jpg\" alt=\"\" width=\"175\" height=\"266\" srcset=\"https:\/\/blogsaverroes.juntadeandalucia.es\/zubiteca\/files\/2019\/11\/el-gran-amor-de-una-gallina-el-duende-verde-175x266.jpg 175w, https:\/\/blogsaverroes.juntadeandalucia.es\/zubiteca\/files\/2019\/11\/el-gran-amor-de-una-gallina-el-duende-verde-768x1169.jpg 768w, https:\/\/blogsaverroes.juntadeandalucia.es\/zubiteca\/files\/2019\/11\/el-gran-amor-de-una-gallina-el-duende-verde-673x1024.jpg 673w, https:\/\/blogsaverroes.juntadeandalucia.es\/zubiteca\/files\/2019\/11\/el-gran-amor-de-una-gallina-el-duende-verde-16x24.jpg 16w, https:\/\/blogsaverroes.juntadeandalucia.es\/zubiteca\/files\/2019\/11\/el-gran-amor-de-una-gallina-el-duende-verde-24x36.jpg 24w, https:\/\/blogsaverroes.juntadeandalucia.es\/zubiteca\/files\/2019\/11\/el-gran-amor-de-una-gallina-el-duende-verde-32x48.jpg 32w, https:\/\/blogsaverroes.juntadeandalucia.es\/zubiteca\/files\/2019\/11\/el-gran-amor-de-una-gallina-el-duende-verde.jpg 1000w\" sizes=\"(max-width: 175px) 100vw, 175px\" \/><\/td>\n<td width=\"53%\">SOLIDARIDAD, COMPA\u00d1ERISMO, GENEROSIDAD, RESPETO A LA DIVERSIDAD Y&nbsp; ECOLOG\u00cdA.<\/td>\n<\/tr>\n<tr>\n<td width=\"47%\"><img loading=\"lazy\" decoding=\"async\" class=\"aligncenter size-medium wp-image-494\" src=\"https:\/\/blogsaverroes.juntadeandalucia.es\/zubiteca\/files\/2019\/11\/aventuras-de-picofino-el-duende-verde-175x266.jpg\" alt=\"\" width=\"175\" height=\"266\" srcset=\"https:\/\/blogsaverroes.juntadeandalucia.es\/zubiteca\/files\/2019\/11\/aventuras-de-picofino-el-duende-verde-175x266.jpg 175w, https:\/\/blogsaverroes.juntadeandalucia.es\/zubiteca\/files\/2019\/11\/aventuras-de-picofino-el-duende-verde-768x1167.jpg 768w, https:\/\/blogsaverroes.juntadeandalucia.es\/zubiteca\/files\/2019\/11\/aventuras-de-picofino-el-duende-verde-674x1024.jpg 674w, https:\/\/blogsaverroes.juntadeandalucia.es\/zubiteca\/files\/2019\/11\/aventuras-de-picofino-el-duende-verde-16x24.jpg 16w, https:\/\/blogsaverroes.juntadeandalucia.es\/zubiteca\/files\/2019\/11\/aventuras-de-picofino-el-duende-verde-24x36.jpg 24w, https:\/\/blogsaverroes.juntadeandalucia.es\/zubiteca\/files\/2019\/11\/aventuras-de-picofino-el-duende-verde-32x48.jpg 32w, https:\/\/blogsaverroes.juntadeandalucia.es\/zubiteca\/files\/2019\/11\/aventuras-de-picofino-el-duende-verde.jpg 1000w\" sizes=\"(max-width: 175px) 100vw, 175px\" \/><\/td>\n<td width=\"53%\">SUPERACI\u00d3N Y RESPETO A LA DIVERSIDAD.<\/td>\n<\/tr>\n<tr>\n<td width=\"47%\"><img loading=\"lazy\" decoding=\"async\" class=\"aligncenter size-medium wp-image-495\" src=\"https:\/\/blogsaverroes.juntadeandalucia.es\/zubiteca\/files\/2019\/11\/el-hombre-con-el-pelo-revuelto-premio-anaya-infantil-171x266.jpg\" alt=\"\" width=\"171\" height=\"266\" srcset=\"https:\/\/blogsaverroes.juntadeandalucia.es\/zubiteca\/files\/2019\/11\/el-hombre-con-el-pelo-revuelto-premio-anaya-infantil-171x266.jpg 171w, https:\/\/blogsaverroes.juntadeandalucia.es\/zubiteca\/files\/2019\/11\/el-hombre-con-el-pelo-revuelto-premio-anaya-infantil-768x1197.jpg 768w, https:\/\/blogsaverroes.juntadeandalucia.es\/zubiteca\/files\/2019\/11\/el-hombre-con-el-pelo-revuelto-premio-anaya-infantil-657x1024.jpg 657w, https:\/\/blogsaverroes.juntadeandalucia.es\/zubiteca\/files\/2019\/11\/el-hombre-con-el-pelo-revuelto-premio-anaya-infantil-15x24.jpg 15w, https:\/\/blogsaverroes.juntadeandalucia.es\/zubiteca\/files\/2019\/11\/el-hombre-con-el-pelo-revuelto-premio-anaya-infantil-23x36.jpg 23w, https:\/\/blogsaverroes.juntadeandalucia.es\/zubiteca\/files\/2019\/11\/el-hombre-con-el-pelo-revuelto-premio-anaya-infantil-31x48.jpg 31w, https:\/\/blogsaverroes.juntadeandalucia.es\/zubiteca\/files\/2019\/11\/el-hombre-con-el-pelo-revuelto-premio-anaya-infantil.jpg 1000w\" sizes=\"(max-width: 171px) 100vw, 171px\" \/><\/td>\n<td width=\"53%\">RESPETO A LA DIVERSIDAD, APRENDIZAJE, SABIDUR\u00cdA, HUMOR, FANTAS\u00cdA, LAZOS FAMILIARES Y AMISTAD.<\/td>\n<\/tr>\n<tr>\n<td width=\"47%\"><img loading=\"lazy\" decoding=\"async\" class=\"aligncenter size-medium wp-image-496\" src=\"https:\/\/blogsaverroes.juntadeandalucia.es\/zubiteca\/files\/2019\/11\/17-cuentos-173x266.jpg\" alt=\"\" width=\"173\" height=\"266\" srcset=\"https:\/\/blogsaverroes.juntadeandalucia.es\/zubiteca\/files\/2019\/11\/17-cuentos-173x266.jpg 173w, https:\/\/blogsaverroes.juntadeandalucia.es\/zubiteca\/files\/2019\/11\/17-cuentos-16x24.jpg 16w, https:\/\/blogsaverroes.juntadeandalucia.es\/zubiteca\/files\/2019\/11\/17-cuentos-23x36.jpg 23w, https:\/\/blogsaverroes.juntadeandalucia.es\/zubiteca\/files\/2019\/11\/17-cuentos-31x48.jpg 31w, https:\/\/blogsaverroes.juntadeandalucia.es\/zubiteca\/files\/2019\/11\/17-cuentos.jpg 324w\" sizes=\"(max-width: 173px) 100vw, 173px\" \/><\/td>\n<td width=\"53%\">RESPETO A LA DIVERSIDAD, HUMOR, AMISTAD, AMOR Y LEALTAD.<\/td>\n<\/tr>\n<tr>\n<td width=\"47%\"><img loading=\"lazy\" decoding=\"async\" class=\"aligncenter size-medium wp-image-497\" src=\"https:\/\/blogsaverroes.juntadeandalucia.es\/zubiteca\/files\/2019\/11\/el-abrazo-del-arbol-sopa-de-libros-174x266.jpg\" alt=\"\" width=\"174\" height=\"266\" srcset=\"https:\/\/blogsaverroes.juntadeandalucia.es\/zubiteca\/files\/2019\/11\/el-abrazo-del-arbol-sopa-de-libros-174x266.jpg 174w, https:\/\/blogsaverroes.juntadeandalucia.es\/zubiteca\/files\/2019\/11\/el-abrazo-del-arbol-sopa-de-libros-768x1177.jpg 768w, https:\/\/blogsaverroes.juntadeandalucia.es\/zubiteca\/files\/2019\/11\/el-abrazo-del-arbol-sopa-de-libros-668x1024.jpg 668w, https:\/\/blogsaverroes.juntadeandalucia.es\/zubiteca\/files\/2019\/11\/el-abrazo-del-arbol-sopa-de-libros-16x24.jpg 16w, https:\/\/blogsaverroes.juntadeandalucia.es\/zubiteca\/files\/2019\/11\/el-abrazo-del-arbol-sopa-de-libros-23x36.jpg 23w, https:\/\/blogsaverroes.juntadeandalucia.es\/zubiteca\/files\/2019\/11\/el-abrazo-del-arbol-sopa-de-libros-31x48.jpg 31w, https:\/\/blogsaverroes.juntadeandalucia.es\/zubiteca\/files\/2019\/11\/el-abrazo-del-arbol-sopa-de-libros.jpg 1000w\" sizes=\"(max-width: 174px) 100vw, 174px\" \/><\/td>\n<td width=\"53%\">SUPERACI\u00d3N DE MIEDOS Y AMISTAD<\/td>\n<\/tr>\n<tr>\n<td width=\"47%\"><img loading=\"lazy\" decoding=\"async\" class=\"aligncenter size-medium wp-image-498\" src=\"https:\/\/blogsaverroes.juntadeandalucia.es\/zubiteca\/files\/2019\/11\/versos-172x266.jpg\" alt=\"\" width=\"172\" height=\"266\" srcset=\"https:\/\/blogsaverroes.juntadeandalucia.es\/zubiteca\/files\/2019\/11\/versos-172x266.jpg 172w, https:\/\/blogsaverroes.juntadeandalucia.es\/zubiteca\/files\/2019\/11\/versos-16x24.jpg 16w, https:\/\/blogsaverroes.juntadeandalucia.es\/zubiteca\/files\/2019\/11\/versos-23x36.jpg 23w, https:\/\/blogsaverroes.juntadeandalucia.es\/zubiteca\/files\/2019\/11\/versos-31x48.jpg 31w, https:\/\/blogsaverroes.juntadeandalucia.es\/zubiteca\/files\/2019\/11\/versos.jpg 308w\" sizes=\"(max-width: 172px) 100vw, 172px\" \/><\/td>\n<td width=\"53%\">APRENDIZAJE, CONOCIMIENTO, ECOLOG\u00cdA Y EDUCACI\u00d3N PARA LA CONVIVENCIA.<\/td>\n<\/tr>\n<tr>\n<td width=\"47%\"><img loading=\"lazy\" decoding=\"async\" class=\"aligncenter size-medium wp-image-499\" src=\"https:\/\/blogsaverroes.juntadeandalucia.es\/zubiteca\/files\/2019\/11\/Claudia-175x266.jpg\" alt=\"\" width=\"175\" height=\"266\" srcset=\"https:\/\/blogsaverroes.juntadeandalucia.es\/zubiteca\/files\/2019\/11\/Claudia-175x266.jpg 175w, https:\/\/blogsaverroes.juntadeandalucia.es\/zubiteca\/files\/2019\/11\/Claudia-16x24.jpg 16w, https:\/\/blogsaverroes.juntadeandalucia.es\/zubiteca\/files\/2019\/11\/Claudia-24x36.jpg 24w, https:\/\/blogsaverroes.juntadeandalucia.es\/zubiteca\/files\/2019\/11\/Claudia-32x48.jpg 32w, https:\/\/blogsaverroes.juntadeandalucia.es\/zubiteca\/files\/2019\/11\/Claudia.jpg 329w\" sizes=\"(max-width: 175px) 100vw, 175px\" \/><\/td>\n<td width=\"53%\">RELACIONES HUMANAS E IGUALDAD ENTRE SEXOS.<\/td>\n<\/tr>\n<\/tbody>\n<\/table>\n<p>&nbsp;<\/p>\n","protected":false},"excerpt":{"rendered":"<p>LIBROS RECOMENDADOS PARA 3\u00ba Y 4\u00aa&nbsp; DE EDUCACI\u00d3N PRIMARIA T\u00cdTULOS TEMAS TRATADOS INTIMIDAD, TOLERANCIA Y MEDIO AMBIENTE. HUMOR Y FANTAS\u00cdA AMISTAD, B\u00daSQUEDA DE IDENTIDAD, IGUALDAD PARA AMBOS SEXOS. SOLIDARIDAD, COMPA\u00d1ERISMO, GENEROSIDAD, RESPETO A LA&#46;&#46;&#46;<\/p>\n","protected":false},"author":7539,"featured_media":0,"parent":0,"menu_order":0,"comment_status":"closed","ping_status":"closed","template":"","meta":{"ngg_post_thumbnail":0,"footnotes":""},"aioseo_notices":[],"_links":{"self":[{"href":"https:\/\/blogsaverroes.juntadeandalucia.es\/zubiteca\/wp-json\/wp\/v2\/pages\/451"}],"collection":[{"href":"https:\/\/blogsaverroes.juntadeandalucia.es\/zubiteca\/wp-json\/wp\/v2\/pages"}],"about":[{"href":"https:\/\/blogsaverroes.juntadeandalucia.es\/zubiteca\/wp-json\/wp\/v2\/types\/page"}],"author":[{"embeddable":true,"href":"https:\/\/blogsaverroes.juntadeandalucia.es\/zubiteca\/wp-json\/wp\/v2\/users\/7539"}],"replies":[{"embeddable":true,"href":"https:\/\/blogsaverroes.juntadeandalucia.es\/zubiteca\/wp-json\/wp\/v2\/comments?post=451"}],"version-history":[{"count":4,"href":"https:\/\/blogsaverroes.juntadeandalucia.es\/zubiteca\/wp-json\/wp\/v2\/pages\/451\/revisions"}],"predecessor-version":[{"id":500,"href":"https:\/\/blogsaverroes.juntadeandalucia.es\/zubiteca\/wp-json\/wp\/v2\/pages\/451\/revisions\/500"}],"wp:attachment":[{"href":"https:\/\/blogsaverroes.juntadeandalucia.es\/zubiteca\/wp-json\/wp\/v2\/media?parent=451"}],"curies":[{"name":"wp","href":"https:\/\/api.w.org\/{rel}","templated":true}]}}