{"id":576,"date":"2021-03-01T19:04:05","date_gmt":"2021-03-01T18:04:05","guid":{"rendered":"https:\/\/blogsaverroes.juntadeandalucia.es\/zubiteca\/?page_id=576"},"modified":"2021-03-01T20:12:50","modified_gmt":"2021-03-01T19:12:50","slug":"recursos-bibliograficos","status":"publish","type":"page","link":"https:\/\/blogsaverroes.juntadeandalucia.es\/zubiteca\/recursos-bibliograficos\/","title":{"rendered":"Bibliotecas Virtuales y Audiolibros"},"content":{"rendered":"<p style=\"text-align: center\"><img loading=\"lazy\" decoding=\"async\" class=\"aligncenter size-medium wp-image-580\" src=\"https:\/\/blogsaverroes.juntadeandalucia.es\/zubiteca\/files\/2021\/03\/Captura-300x104.jpg\" alt=\"\" width=\"300\" height=\"104\" srcset=\"https:\/\/blogsaverroes.juntadeandalucia.es\/zubiteca\/files\/2021\/03\/Captura-300x104.jpg 300w, https:\/\/blogsaverroes.juntadeandalucia.es\/zubiteca\/files\/2021\/03\/Captura.jpg 428w\" sizes=\"(max-width: 300px) 100vw, 300px\" \/><\/p>\n<p>En esta p\u00e1gina se ofrecen enlaces a Bibliotecas Virtuales y Audiolibros.<\/p>\n<table style=\"border-collapse: collapse;width: 100%\">\n<tbody>\n<tr>\n<td style=\"width: 35.4546%\"><img loading=\"lazy\" decoding=\"async\" class=\"aligncenter size-full wp-image-583\" src=\"https:\/\/blogsaverroes.juntadeandalucia.es\/zubiteca\/files\/2021\/03\/eBiblio.jpg\" alt=\"\" width=\"233\" height=\"107\"\/><\/td>\n<td style=\"width: 64.5454%;text-align: left;vertical-align: middle\">Un servicio de la Red de Bibliotecas P\u00fablicas de Andaluc\u00eda. Lectura en streaming o descarga legal, libre y gratuita.<\/p>\n<p><a href=\"https:\/\/andalucia.ebiblio.es\/opac\/#indice\">https:\/\/andalucia.ebiblio.es\/opac\/#indice<\/a><\/td>\n<\/tr>\n<tr>\n<td style=\"width: 35.4546%\"><img loading=\"lazy\" decoding=\"async\" class=\"aligncenter wp-image-581\" src=\"https:\/\/blogsaverroes.juntadeandalucia.es\/zubiteca\/files\/2021\/03\/Cervantes-virtual.jpg\" alt=\"\" width=\"253\" height=\"99\"\/><\/td>\n<td style=\"width: 64.5454%;text-align: left;vertical-align: middle\">Biblioteca de autores. Biblioteca de signos. Biblioteca de Literatura Infantil y Juvenil. Y mucho m\u00e1s.<\/p>\n<p><a href=\"http:\/\/www.cervantesvirtual.com\/\">http:\/\/www.cervantesvirtual.com\/<\/a><\/td>\n<\/tr>\n<tr>\n<td style=\"width: 35.4546%\"><img loading=\"lazy\" decoding=\"async\" class=\"aligncenter size-medium wp-image-582\" src=\"https:\/\/blogsaverroes.juntadeandalucia.es\/zubiteca\/files\/2021\/03\/BDH-300x79.jpg\" alt=\"\" width=\"300\" height=\"79\" srcset=\"https:\/\/blogsaverroes.juntadeandalucia.es\/zubiteca\/files\/2021\/03\/BDH-300x79.jpg 300w, https:\/\/blogsaverroes.juntadeandalucia.es\/zubiteca\/files\/2021\/03\/BDH.jpg 446w\" sizes=\"(max-width: 300px) 100vw, 300px\" \/><\/td>\n<td style=\"width: 64.5454%;text-align: left;vertical-align: middle\">La Biblioteca Digital Hisp\u00e1nica es la biblioteca digital de la Biblioteca Nacional de Espa\u00f1a. Proporciona acceso libre y gratuito a miles de documentos digitalizados.<\/p>\n<p><a href=\"http:\/\/www.bne.es\/es\/Catalogos\/Biblio tecaDigitalHispanica\/Inicio\/index.html\">http:\/\/www.bne.es\/es\/Catalogos\/BibliotecaDigitalHispanica\/Inicio\/index.html<\/a><\/td>\n<\/tr>\n<tr>\n<td style=\"width: 35.4546%\"><img loading=\"lazy\" decoding=\"async\" class=\"aligncenter wp-image-584\" src=\"https:\/\/blogsaverroes.juntadeandalucia.es\/zubiteca\/files\/2021\/03\/Literanda-300x111.jpg\" alt=\"\" width=\"262\" height=\"97\" srcset=\"https:\/\/blogsaverroes.juntadeandalucia.es\/zubiteca\/files\/2021\/03\/Literanda-300x111.jpg 300w, https:\/\/blogsaverroes.juntadeandalucia.es\/zubiteca\/files\/2021\/03\/Literanda.jpg 305w\" sizes=\"(max-width: 262px) 100vw, 262px\" \/><\/td>\n<td style=\"width: 64.5454%;text-align: left;vertical-align: middle\">Textos literarios cl\u00e1sicos en dominio p\u00fablico con una cuidada edici\u00f3n digital.<\/p>\n<p><a href=\"https:\/\/www.literanda.com\/\">https:\/\/www.literanda.com\/<\/a><\/td>\n<\/tr>\n<tr>\n<td style=\"width: 35.4546%\">&nbsp;&nbsp;&nbsp;&nbsp;&nbsp;&nbsp;&nbsp;&nbsp; <img loading=\"lazy\" decoding=\"async\" class=\"aligncenter size-full wp-image-598\" src=\"https:\/\/blogsaverroes.juntadeandalucia.es\/zubiteca\/files\/2021\/03\/OpenLibrary.jpg\" alt=\"\" width=\"214\" height=\"93\"\/><\/td>\n<td style=\"width: 64.5454%;text-align: left;vertical-align: middle\">Base de datos de libros colaborativa y de acceso p\u00fablico.<\/p>\n<p><a href=\"https:\/\/openlibrary.org\/\">https:\/\/openlibrary.org\/<\/a><\/td>\n<\/tr>\n<tr>\n<td style=\"width: 35.4546%\"><img loading=\"lazy\" decoding=\"async\" class=\"aligncenter size-full wp-image-595\" src=\"https:\/\/blogsaverroes.juntadeandalucia.es\/zubiteca\/files\/2021\/03\/Libroteca.jpg\" alt=\"\" width=\"247\" height=\"88\"\/><\/td>\n<td style=\"width: 64.5454%;text-align: left;vertical-align: middle\">Miles de libros gratuitos. Descarga de libros. Obras y autores universales.<\/p>\n<p><a href=\"http:\/\/www.libroteca.net\/\">http:\/\/www.libroteca.net\/<\/a><\/td>\n<\/tr>\n<tr>\n<td style=\"width: 35.4546%\"><img loading=\"lazy\" decoding=\"async\" class=\"aligncenter size-full wp-image-592\" src=\"https:\/\/blogsaverroes.juntadeandalucia.es\/zubiteca\/files\/2021\/03\/Europeana.jpg\" alt=\"\" width=\"173\" height=\"66\"\/><\/td>\n<td style=\"width: 64.5454%;text-align: left;vertical-align: middle\">Archivos digitalizados de libros, m\u00fasica, arte, cultura, fotograf\u00eda.<\/p>\n<p><a href=\"https:\/\/www.europeana.eu\/es\">https:\/\/www.europeana.eu\/es<\/a><\/td>\n<\/tr>\n<tr>\n<td style=\"width: 35.4546%\"><img loading=\"lazy\" decoding=\"async\" class=\"aligncenter  wp-image-597\" src=\"https:\/\/blogsaverroes.juntadeandalucia.es\/zubiteca\/files\/2021\/03\/One-More-Library-300x83.jpg\" alt=\"\" width=\"271\" height=\"75\" srcset=\"https:\/\/blogsaverroes.juntadeandalucia.es\/zubiteca\/files\/2021\/03\/One-More-Library-300x83.jpg 300w, https:\/\/blogsaverroes.juntadeandalucia.es\/zubiteca\/files\/2021\/03\/One-More-Library.jpg 443w\" sizes=\"(max-width: 271px) 100vw, 271px\" \/><\/td>\n<td style=\"width: 64.5454%;text-align: left;vertical-align: middle\">Los autores m\u00e1s relevantes de la literatura universal.<\/p>\n<p><a href=\"https:\/\/cutt.ly\/suHk7eS\">https:\/\/cutt.ly\/suHk7eS<\/a><\/td>\n<\/tr>\n<tr>\n<td style=\"width: 35.4546%\"><img loading=\"lazy\" decoding=\"async\" class=\"aligncenter size-full wp-image-591\" src=\"https:\/\/blogsaverroes.juntadeandalucia.es\/zubiteca\/files\/2021\/03\/Elejandr\u00eda.jpg\" alt=\"\" width=\"212\" height=\"67\"\/><\/td>\n<td style=\"width: 64.5454%;text-align: left;vertical-align: middle\">Libros llevados al cine; escritoras que marcaron la historia; cuentos infantiles; libros juveniles para peque\u00f1os grandes lectores; novelas de terror y suspense; cl\u00e1sicos brit\u00e1nicos.<\/p>\n<p><a href=\"https:\/\/www.elejandria.com\/\">https:\/\/www.elejandria.com\/<\/a><\/td>\n<\/tr>\n<tr>\n<td style=\"width: 35.4546%\"><img loading=\"lazy\" decoding=\"async\" class=\"aligncenter size-full wp-image-594\" src=\"https:\/\/blogsaverroes.juntadeandalucia.es\/zubiteca\/files\/2021\/03\/Gutenberg.jpg\" alt=\"\" width=\"177\" height=\"96\"\/><\/td>\n<td style=\"width: 64.5454%;text-align: left;vertical-align: middle\">Miles de libros digitales para todas las edades y en varios idiomas.<\/p>\n<p><a href=\"https:\/\/www.gutenberg.org\/ebooks\/\">https:\/\/www.gutenberg.org\/ebooks\/<\/a><\/td>\n<\/tr>\n<tr>\n<td style=\"width: 35.4546%\"><img loading=\"lazy\" decoding=\"async\" class=\"aligncenter  wp-image-589\" src=\"https:\/\/blogsaverroes.juntadeandalucia.es\/zubiteca\/files\/2021\/03\/Cuentopia-300x91.jpg\" alt=\"\" width=\"263\" height=\"80\" srcset=\"https:\/\/blogsaverroes.juntadeandalucia.es\/zubiteca\/files\/2021\/03\/Cuentopia-300x91.jpg 300w, https:\/\/blogsaverroes.juntadeandalucia.es\/zubiteca\/files\/2021\/03\/Cuentopia.jpg 614w\" sizes=\"(max-width: 263px) 100vw, 263px\" \/><\/td>\n<td style=\"width: 64.5454%;text-align: left;vertical-align: middle\">Web de cuentos y audiocuentos infantiles.<\/p>\n<p><a href=\"https:\/\/cuentosparadormir.com\/\">https:\/\/cuentosparadormir.com\/<\/a><\/td>\n<\/tr>\n<tr>\n<td style=\"width: 35.4546%\"><img loading=\"lazy\" decoding=\"async\" class=\"aligncenter size-full wp-image-593\" src=\"https:\/\/blogsaverroes.juntadeandalucia.es\/zubiteca\/files\/2021\/03\/Fundaci\u00f3n-ONCE.jpg\" alt=\"\" width=\"183\" height=\"84\"\/><\/td>\n<td style=\"width: 64.5454%;text-align: left;vertical-align: middle\">Biblioteca Fundaci\u00f3n ONCE Colecci\u00f3n Letras Diferentes.<\/p>\n<p><a href=\"https:\/\/cutt.ly\/GuHf6xU\">https:\/\/cutt.ly\/GuHf6xU<\/a><\/td>\n<\/tr>\n<tr>\n<td style=\"width: 35.4546%\"><img loading=\"lazy\" decoding=\"async\" class=\"aligncenter  wp-image-590\" src=\"https:\/\/blogsaverroes.juntadeandalucia.es\/zubiteca\/files\/2021\/03\/Cuentos-ilusi\u00f3n-300x92.jpg\" alt=\"\" width=\"260\" height=\"80\" srcset=\"https:\/\/blogsaverroes.juntadeandalucia.es\/zubiteca\/files\/2021\/03\/Cuentos-ilusi\u00f3n-300x92.jpg 300w, https:\/\/blogsaverroes.juntadeandalucia.es\/zubiteca\/files\/2021\/03\/Cuentos-ilusi\u00f3n.jpg 303w\" sizes=\"(max-width: 260px) 100vw, 260px\" \/><\/td>\n<td style=\"width: 64.5454%;text-align: left;vertical-align: middle\">Biblioteca infantil. Cuentos, multimedia y actividades.<\/p>\n<p><a href=\"https:\/\/cutt.ly\/AuHghaj\">https:\/\/cutt.ly\/AuHghaj<\/a><\/td>\n<\/tr>\n<tr>\n<td style=\"width: 35.4546%\"><a href=\"https:\/\/www.mundoprimaria.com\/\"><img loading=\"lazy\" decoding=\"async\" class=\"aligncenter size-full wp-image-596\" src=\"https:\/\/blogsaverroes.juntadeandalucia.es\/zubiteca\/files\/2021\/03\/Mundo-Primaria.jpg\" alt=\"\" width=\"168\" height=\"67\"\/><\/a><\/td>\n<td style=\"width: 64.5454%;text-align: left;vertical-align: middle\">Cuentos, f\u00e1bulas, mitos y leyendas, poemas y otros recursos para Primaria.<\/p>\n<p><a href=\"https:\/\/www.mundoprimaria.com\/\">https:\/\/www.mundoprimaria.com\/<\/a><\/td>\n<\/tr>\n<\/tbody>\n<\/table>\n<h3 style=\"text-align: center\"><strong>Audiolibros<\/strong><\/h3>\n<table style=\"border-collapse: collapse;width: 100%\">\n<tbody>\n<tr>\n<td style=\"width: 35.697%\">&nbsp;<img loading=\"lazy\" decoding=\"async\" class=\"aligncenter size-full wp-image-600\" src=\"https:\/\/blogsaverroes.juntadeandalucia.es\/zubiteca\/files\/2021\/03\/LibriVox.jpg\" alt=\"\" width=\"233\" height=\"91\"\/><\/td>\n<td style=\"width: 64.303%\">Audiolibros gratuitos de dominio p\u00fablico.<\/p>\n<p><a href=\"https:\/\/www.rtve.es\/radio\/ficcionsonora\/\">https:\/\/www.rtve.es\/radio\/ficcionsonora\/<\/a><\/td>\n<\/tr>\n<tr>\n<td style=\"width: 35.697%\"><img loading=\"lazy\" decoding=\"async\" class=\"aligncenter  wp-image-599\" src=\"https:\/\/blogsaverroes.juntadeandalucia.es\/zubiteca\/files\/2021\/03\/Ficci\u00f3n-sonora-300x99.jpg\" alt=\"\" width=\"258\" height=\"85\" srcset=\"https:\/\/blogsaverroes.juntadeandalucia.es\/zubiteca\/files\/2021\/03\/Ficci\u00f3n-sonora-300x99.jpg 300w, https:\/\/blogsaverroes.juntadeandalucia.es\/zubiteca\/files\/2021\/03\/Ficci\u00f3n-sonora.jpg 322w\" sizes=\"(max-width: 258px) 100vw, 258px\" \/><\/td>\n<td style=\"width: 64.303%\">Podcasts literarios de RNE con la f\u00f3rmula del radioteatro.<\/p>\n<p><a href=\"https:\/\/www.rtve.es\/radio\/ficcionsonora\/\">https:\/\/www.rtve.es\/radio\/ficcionsonora\/<\/a><\/td>\n<\/tr>\n<tr>\n<td style=\"width: 35.697%\"><img loading=\"lazy\" decoding=\"async\" class=\"aligncenter  wp-image-601\" src=\"https:\/\/blogsaverroes.juntadeandalucia.es\/zubiteca\/files\/2021\/03\/No-me-cuentes-cuentos-300x132.jpg\" alt=\"\" width=\"261\" height=\"115\" srcset=\"https:\/\/blogsaverroes.juntadeandalucia.es\/zubiteca\/files\/2021\/03\/No-me-cuentes-cuentos-300x132.jpg 300w, https:\/\/blogsaverroes.juntadeandalucia.es\/zubiteca\/files\/2021\/03\/No-me-cuentes-cuentos-768x337.jpg 768w, https:\/\/blogsaverroes.juntadeandalucia.es\/zubiteca\/files\/2021\/03\/No-me-cuentes-cuentos.jpg 856w\" sizes=\"(max-width: 261px) 100vw, 261px\" \/><\/td>\n<td style=\"width: 64.303%\">100 relatos infantiles protagonizado por mujeres espa\u00f1olas de vidas<br \/>\ninspiradoras que pueden escucharse en formato podcast.<\/p>\n<p><a href=\"https:\/\/www.podiumpodcast.com\/nome- cuentes-cuentos\/\">https:\/\/www.podiumpodcast.com\/nome- cuentes-cuentos\/<\/a><\/td>\n<\/tr>\n<tr>\n<td style=\"width: 35.697%\"><img loading=\"lazy\" decoding=\"async\" class=\"aligncenter  wp-image-602\" src=\"https:\/\/blogsaverroes.juntadeandalucia.es\/zubiteca\/files\/2021\/03\/Radio-imaginamos-300x79.jpg\" alt=\"\" width=\"283\" height=\"75\" srcset=\"https:\/\/blogsaverroes.juntadeandalucia.es\/zubiteca\/files\/2021\/03\/Radio-imaginamos-300x79.jpg 300w, https:\/\/blogsaverroes.juntadeandalucia.es\/zubiteca\/files\/2021\/03\/Radio-imaginamos-600x161.jpg 600w, https:\/\/blogsaverroes.juntadeandalucia.es\/zubiteca\/files\/2021\/03\/Radio-imaginamos.jpg 609w\" sizes=\"(max-width: 283px) 100vw, 283px\" \/><\/td>\n<td style=\"width: 64.303%\">Revista de divulgaci\u00f3n y reflexi\u00f3n del arte radiof\u00f3nico y del lenguaje sonoro<br \/>\ncomo herramienta creativa. Tiene un banco de obras sonoras con ficci\u00f3n<br \/>\nsonora y radioteatro, radioarte y poes\u00eda sonora.<\/p>\n<p><a href=\"http:\/\/www.radioimaginamos.es\/catalo go-de-obras-sonoras\/\">http:\/\/www.radioimaginamos.es\/catalo go-de-obras-sonoras\/<\/a><\/td>\n<\/tr>\n<tr>\n<td style=\"width: 35.697%\"><img loading=\"lazy\" decoding=\"async\" class=\"aligncenter  wp-image-603\" src=\"https:\/\/blogsaverroes.juntadeandalucia.es\/zubiteca\/files\/2021\/03\/Storynory-300x79.jpg\" alt=\"\" width=\"276\" height=\"73\" srcset=\"https:\/\/blogsaverroes.juntadeandalucia.es\/zubiteca\/files\/2021\/03\/Storynory-300x79.jpg 300w, https:\/\/blogsaverroes.juntadeandalucia.es\/zubiteca\/files\/2021\/03\/Storynory.jpg 358w\" sizes=\"(max-width: 276px) 100vw, 276px\" \/><\/td>\n<td style=\"width: 64.303%\">Audiocuentos gratuitos en ingl\u00e9s. Cuentos tradicionales infantiles,<br \/>\ncuentos de autores cl\u00e1sicos, mitos y cuentos del mundo, etc.<\/p>\n<p><a href=\"https:\/\/www.storynory.com\/\">https:\/\/www.storynory.com\/<\/a><\/td>\n<\/tr>\n<\/tbody>\n<\/table>\n","protected":false},"excerpt":{"rendered":"<p>En esta p\u00e1gina se ofrecen enlaces a Bibliotecas Virtuales y Audiolibros. Un servicio de la Red de Bibliotecas P\u00fablicas de Andaluc\u00eda. Lectura en streaming o descarga legal, libre y gratuita. https:\/\/andalucia.ebiblio.es\/opac\/#indice Biblioteca de autores.&#46;&#46;&#46;<\/p>\n","protected":false},"author":7539,"featured_media":0,"parent":0,"menu_order":0,"comment_status":"closed","ping_status":"closed","template":"","meta":{"ngg_post_thumbnail":0,"footnotes":""},"aioseo_notices":[],"_links":{"self":[{"href":"https:\/\/blogsaverroes.juntadeandalucia.es\/zubiteca\/wp-json\/wp\/v2\/pages\/576"}],"collection":[{"href":"https:\/\/blogsaverroes.juntadeandalucia.es\/zubiteca\/wp-json\/wp\/v2\/pages"}],"about":[{"href":"https:\/\/blogsaverroes.juntadeandalucia.es\/zubiteca\/wp-json\/wp\/v2\/types\/page"}],"author":[{"embeddable":true,"href":"https:\/\/blogsaverroes.juntadeandalucia.es\/zubiteca\/wp-json\/wp\/v2\/users\/7539"}],"replies":[{"embeddable":true,"href":"https:\/\/blogsaverroes.juntadeandalucia.es\/zubiteca\/wp-json\/wp\/v2\/comments?post=576"}],"version-history":[{"count":7,"href":"https:\/\/blogsaverroes.juntadeandalucia.es\/zubiteca\/wp-json\/wp\/v2\/pages\/576\/revisions"}],"predecessor-version":[{"id":604,"href":"https:\/\/blogsaverroes.juntadeandalucia.es\/zubiteca\/wp-json\/wp\/v2\/pages\/576\/revisions\/604"}],"wp:attachment":[{"href":"https:\/\/blogsaverroes.juntadeandalucia.es\/zubiteca\/wp-json\/wp\/v2\/media?parent=576"}],"curies":[{"name":"wp","href":"https:\/\/api.w.org\/{rel}","templated":true}]}}